{"id":5997,"date":"2021-04-28T13:45:20","date_gmt":"2021-04-28T13:45:20","guid":{"rendered":"https:\/\/rund-um-den-kaffee.de\/?product=k-fee-lounge-expressi-caffe-crema-kaffeekapseln-96-kapseln-kompatibel-mit-teekanne-lounge-kaffee-und-teemaschine"},"modified":"2023-04-03T17:44:48","modified_gmt":"2023-04-03T17:44:48","slug":"k-fee-lounge-expressi-caffe-crema-kaffeekapseln-96-kapseln-kompatibel-mit-teekanne-lounge-kaffee-und-teemaschine","status":"publish","type":"product","link":"https:\/\/rund-um-den-kaffee.de\/?product=k-fee-lounge-expressi-caffe-crema-kaffeekapseln-96-kapseln-kompatibel-mit-teekanne-lounge-kaffee-und-teemaschine","title":{"rendered":"K-Fee Lounge Expressi Caffe Crema Kaffeekapseln, 96 Kapseln, kompatibel mit Teekanne Lounge Kaffee- und Teemaschine"},"content":{"rendered":"\n\t\t<style type=\"text\/css\">\n\t\t\t#gallery-1 {\n\t\t\t\tmargin: auto;\n\t\t\t}\n\t\t\t#gallery-1 .gallery-item {\n\t\t\t\tfloat: left;\n\t\t\t\tmargin-top: 10px;\n\t\t\t\ttext-align: center;\n\t\t\t\twidth: 33%;\n\t\t\t}\n\t\t\t#gallery-1 img {\n\t\t\t\tborder: 2px solid #cfcfcf;\n\t\t\t}\n\t\t\t#gallery-1 .gallery-caption {\n\t\t\t\tmargin-left: 0;\n\t\t\t}\n\t\t\t\/* see gallery_shortcode() in wp-includes\/media.php *\/\n\t\t<\/style>\n\t\t<div id='gallery-1' class='gallery galleryid-5997 gallery-columns-3 gallery-size-thumbnail'><dl class='gallery-item'>\n\t\t\t<dt class='gallery-icon landscape'>\n\t\t\t\t<a href='https:\/\/rund-um-den-kaffee.de\/?attachment_id=5998'><img decoding=\"async\" width=\"150\" height=\"150\" src=\"https:\/\/images-na.ssl-images-amazon.com\/images\/I\/41nHYgRH4kL._SS150_.jpg\" class=\"attachment-thumbnail size-thumbnail\" alt=\"\" srcset=\"https:\/\/images-na.ssl-images-amazon.com\/images\/I\/41nHYgRH4kL._SS150_.jpg 150w, https:\/\/images-na.ssl-images-amazon.com\/images\/I\/41nHYgRH4kL._SS300_.jpg 300w, https:\/\/images-na.ssl-images-amazon.com\/images\/I\/41nHYgRH4kL._SS768_.jpg 768w, https:\/\/images-na.ssl-images-amazon.com\/images\/I\/41nHYgRH4kL._SS1024_.jpg 1024w, https:\/\/images-na.ssl-images-amazon.com\/images\/I\/41nHYgRH4kL._SS1536_.jpg 1536w, https:\/\/images-na.ssl-images-amazon.com\/images\/I\/41nHYgRH4kL._SS2048_.jpg 2048w, https:\/\/images-na.ssl-images-amazon.com\/images\/I\/41nHYgRH4kL._SS280_.jpg 280w, https:\/\/images-na.ssl-images-amazon.com\/images\/I\/41nHYgRH4kL._SS600_.jpg 600w, https:\/\/images-na.ssl-images-amazon.com\/images\/I\/41nHYgRH4kL._SS100_.jpg 100w, https:\/\/images-na.ssl-images-amazon.com\/images\/I\/41nHYgRH4kL.jpg 500w\" sizes=\"(max-width: 150px) 100vw, 150px\" \/><\/a>\n\t\t\t<\/dt><\/dl><dl class='gallery-item'>\n\t\t\t<dt class='gallery-icon landscape'>\n\t\t\t\t<a href='https:\/\/rund-um-den-kaffee.de\/?attachment_id=5999'><img decoding=\"async\" width=\"150\" height=\"150\" src=\"https:\/\/images-na.ssl-images-amazon.com\/images\/I\/41cHirW%2BVBL._SS150_.jpg\" class=\"attachment-thumbnail size-thumbnail\" alt=\"\" srcset=\"https:\/\/images-na.ssl-images-amazon.com\/images\/I\/41cHirW%2BVBL._SS150_.jpg 150w, https:\/\/images-na.ssl-images-amazon.com\/images\/I\/41cHirW%2BVBL._SS300_.jpg 300w, https:\/\/images-na.ssl-images-amazon.com\/images\/I\/41cHirW%2BVBL._SS768_.jpg 768w, https:\/\/images-na.ssl-images-amazon.com\/images\/I\/41cHirW%2BVBL._SS1024_.jpg 1024w, https:\/\/images-na.ssl-images-amazon.com\/images\/I\/41cHirW%2BVBL._SS1536_.jpg 1536w, https:\/\/images-na.ssl-images-amazon.com\/images\/I\/41cHirW%2BVBL._SS2048_.jpg 2048w, https:\/\/images-na.ssl-images-amazon.com\/images\/I\/41cHirW%2BVBL._SS280_.jpg 280w, https:\/\/images-na.ssl-images-amazon.com\/images\/I\/41cHirW%2BVBL._SS600_.jpg 600w, https:\/\/images-na.ssl-images-amazon.com\/images\/I\/41cHirW%2BVBL._SS100_.jpg 100w, https:\/\/images-na.ssl-images-amazon.com\/images\/I\/41cHirW%2BVBL.jpg 500w\" sizes=\"(max-width: 150px) 100vw, 150px\" \/><\/a>\n\t\t\t<\/dt><\/dl><dl class='gallery-item'>\n\t\t\t<dt class='gallery-icon landscape'>\n\t\t\t\t<a href='https:\/\/rund-um-den-kaffee.de\/?attachment_id=6000'><img decoding=\"async\" width=\"150\" height=\"150\" src=\"https:\/\/images-na.ssl-images-amazon.com\/images\/I\/31601l0VRvL._SS150_.jpg\" class=\"attachment-thumbnail size-thumbnail\" alt=\"\" srcset=\"https:\/\/images-na.ssl-images-amazon.com\/images\/I\/31601l0VRvL._SS150_.jpg 150w, https:\/\/images-na.ssl-images-amazon.com\/images\/I\/31601l0VRvL._SS300_.jpg 300w, https:\/\/images-na.ssl-images-amazon.com\/images\/I\/31601l0VRvL._SS768_.jpg 768w, https:\/\/images-na.ssl-images-amazon.com\/images\/I\/31601l0VRvL._SS1024_.jpg 1024w, https:\/\/images-na.ssl-images-amazon.com\/images\/I\/31601l0VRvL._SS1536_.jpg 1536w, https:\/\/images-na.ssl-images-amazon.com\/images\/I\/31601l0VRvL._SS2048_.jpg 2048w, https:\/\/images-na.ssl-images-amazon.com\/images\/I\/31601l0VRvL._SS280_.jpg 280w, https:\/\/images-na.ssl-images-amazon.com\/images\/I\/31601l0VRvL._SS600_.jpg 600w, https:\/\/images-na.ssl-images-amazon.com\/images\/I\/31601l0VRvL._SS100_.jpg 100w, https:\/\/images-na.ssl-images-amazon.com\/images\/I\/31601l0VRvL.jpg 500w\" sizes=\"(max-width: 150px) 100vw, 150px\" \/><\/a>\n\t\t\t<\/dt><\/dl><br style=\"clear: both\" \/>\n\t\t<\/div>\n\n<div class=\"disclaim\"> Gr\u00f6\u00dfe:<strong>96 Kapseln Caff\u00e8 Crema<\/strong> <\/div>\n<p> <!-- show up to 2 reviews by default --> <\/p>\n<h3>Produktbeschreibungen<\/h3>\n<\/p>\n<p><strong>CAFF\u00c8 CREMA<\/strong><\/p>\n<p>Der EXPRESSI Caff\u00e8 Crema enth\u00e4lt erstklassige Arabica Bohnen aus S\u00fcdamerika. Durch die kr\u00e4ftige R\u00f6stung der Bohnen entsteht ein w\u00fcrzig-nussiges Aroma mit dezent fruchtigen Noten. Der Caff\u00e8 Crema \u00fcberzeugt mit seinem vollmundigen Geschmack, der wiederum mit der ausgewogenen S\u00e4ure harmoniert. Gerade diese Kombination l\u00e4sst aus der Mischung einen idealen Caff\u00e8 Crema entstehen.<\/p>\n<\/p>\n<p><strong>Kapseldetails<\/strong><\/p>\n<p><strong>Grammatur: <\/strong><\/p>\n<p>96 Kapseln \u00e0 7,8 g<\/p>\n<p><strong>Zutaten:<\/strong><br \/>Gemahlener R\u00f6stkaffee<\/p>\n<\/p>\n<h3>Warnhinweise<\/h3>\n<p>Nicht f\u00fcr Kinder unter 14 Jahren geeignet, Verbr\u00fchungsgefahr <\/p>\n<p>96 Kapseln &#8211; 6 x 16 Stk &#8211; Aus dickwandigem ABS-Kunststoff<br \/>\nDer EXPRESSI Caff\u00e8 Crema enth\u00e4lt erstklassige Arabica Bohnen aus S\u00fcdamerika. Durch die kr\u00e4ftige R\u00f6stung der Bohnen entsteht ein w\u00fcrzig-nussiges Aroma mit dezent fruchtigen Noten.<br \/>\nDer Caff\u00e8 Crema \u00fcberzeugt mit seinem vollmundigen Geschmack, der wiederum mit der ausgewogenen S\u00e4ure harmoniert. Gerade diese Kombination l\u00e4sst aus der Mischung einen idealen Caff\u00e8 Crema entstehen.<br \/>\nExklusiv auf Amazon.de &#8211; zusammengestellt durch weg-ist-weg. F\u00fcr weitere Informationen zum Produkt, lesen Sie bitte weiter unten auf dieser Seite nach oder schauen Sie unter den Kundenrezensionen oder Kundenfragen zum Produkt<br \/>\n<div class=\"main-cross-sell\" data-asin=\"B07KSDVVPH\">\n\n\t<div class=\"WooZone-cross-sell-loader\">\n\t\t<div>\n\t\t\t<div id=\"floatingBarsG\">\n\t\t\t\t<div class=\"blockG\" id=\"rotateG_01\"><\/div>\n\t\t\t\t<div class=\"blockG\" id=\"rotateG_02\"><\/div>\n\t\t\t\t<div class=\"blockG\" id=\"rotateG_03\"><\/div>\n\t\t\t\t<div class=\"blockG\" id=\"rotateG_04\"><\/div>\n\t\t\t\t<div class=\"blockG\" id=\"rotateG_05\"><\/div>\n\t\t\t\t<div class=\"blockG\" id=\"rotateG_06\"><\/div>\n\t\t\t\t<div class=\"blockG\" id=\"rotateG_07\"><\/div>\n\t\t\t\t<div class=\"blockG\" id=\"rotateG_08\"><\/div>\n\t\t\t<\/div>\n\t\t\t<div class=\"WooZone-cross-sell-loader-text\"><\/div>\n\t\t<\/div>\n\t<\/div>\n\n\t\t\n<\/div>\n<div style=\"clear:both;\"><\/div>\n","protected":false},"excerpt":{"rendered":"<p>96 Kapseln &#8211; 6 x 16 Stk &#8211; Aus dickwandigem ABS-Kunststoff<br \/>\nDer EXPRESSI Caff\u00e8 Crema enth\u00e4lt erstklassige Arabica Bohnen aus S\u00fcdamerika. Durch die kr\u00e4ftige R\u00f6stung der Bohnen entsteht ein w\u00fcrzig-nussiges Aroma mit dezent fruchtigen Noten.<br \/>\nDer Caff\u00e8 Crema \u00fcberzeugt mit seinem vollmundigen Geschmack, der wiederum mit der ausgewogenen S\u00e4ure harmoniert. Gerade diese Kombination l\u00e4sst aus der Mischung einen idealen Caff\u00e8 Crema entstehen.<\/p>\n","protected":false},"featured_media":5998,"comment_status":"open","ping_status":"closed","template":"","meta":{"_uag_custom_page_level_css":""},"product_cat":[24,1338],"product_tag":[],"uagb_featured_image_src":{"full":["https:\/\/images-na.ssl-images-amazon.com\/images\/I\/41nHYgRH4kL.jpg",500,500,false],"thumbnail":["https:\/\/images-na.ssl-images-amazon.com\/images\/I\/41nHYgRH4kL._SS150_.jpg",150,150,true],"medium":["https:\/\/images-na.ssl-images-amazon.com\/images\/I\/41nHYgRH4kL._SS300_.jpg",300,300,true],"medium_large":["https:\/\/images-na.ssl-images-amazon.com\/images\/I\/41nHYgRH4kL._SS768_.jpg",768,768,true],"large":["https:\/\/images-na.ssl-images-amazon.com\/images\/I\/41nHYgRH4kL._SS1024_.jpg",1024,1024,true],"1536x1536":["https:\/\/images-na.ssl-images-amazon.com\/images\/I\/41nHYgRH4kL._SS1536_.jpg",1536,1536,true],"2048x2048":["https:\/\/images-na.ssl-images-amazon.com\/images\/I\/41nHYgRH4kL._SS2048_.jpg",2048,2048,true],"post-thumbnail":["https:\/\/images-na.ssl-images-amazon.com\/images\/I\/41nHYgRH4kL._SS280_.jpg",180,180,true],"woocommerce_thumbnail":["https:\/\/images-na.ssl-images-amazon.com\/images\/I\/41nHYgRH4kL._SS300_.jpg",300,300,true],"woocommerce_single":["https:\/\/images-na.ssl-images-amazon.com\/images\/I\/41nHYgRH4kL._SS600_.jpg",600,600,true],"woocommerce_gallery_thumbnail":["https:\/\/images-na.ssl-images-amazon.com\/images\/I\/41nHYgRH4kL._SS100_.jpg",100,100,true],"shop_catalog":["https:\/\/images-na.ssl-images-amazon.com\/images\/I\/41nHYgRH4kL._SS300_.jpg",300,300,true],"shop_single":["https:\/\/images-na.ssl-images-amazon.com\/images\/I\/41nHYgRH4kL._SS600_.jpg",600,600,true],"shop_thumbnail":["https:\/\/images-na.ssl-images-amazon.com\/images\/I\/41nHYgRH4kL._SS100_.jpg",100,100,true]},"uagb_author_info":{"display_name":"Swen-Olaf Bender","author_link":"https:\/\/rund-um-den-kaffee.de\/?author=0"},"uagb_comment_info":0,"uagb_excerpt":"96 Kapseln - 6 x 16 Stk - Aus dickwandigem ABS-Kunststoff Der EXPRESSI Caff\u00e8 Crema enth\u00e4lt erstklassige Arabica Bohnen aus S\u00fcdamerika. Durch die kr\u00e4ftige R\u00f6stung der Bohnen entsteht ein w\u00fcrzig-nussiges Aroma mit dezent fruchtigen Noten. Der Caff\u00e8 Crema \u00fcberzeugt mit seinem vollmundigen Geschmack, der wiederum mit der ausgewogenen S\u00e4ure harmoniert. Gerade diese Kombination l\u00e4sst aus&hellip;","_links":{"self":[{"href":"https:\/\/rund-um-den-kaffee.de\/index.php?rest_route=\/wp\/v2\/product\/5997"}],"collection":[{"href":"https:\/\/rund-um-den-kaffee.de\/index.php?rest_route=\/wp\/v2\/product"}],"about":[{"href":"https:\/\/rund-um-den-kaffee.de\/index.php?rest_route=\/wp\/v2\/types\/product"}],"replies":[{"embeddable":true,"href":"https:\/\/rund-um-den-kaffee.de\/index.php?rest_route=%2Fwp%2Fv2%2Fcomments&post=5997"}],"wp:featuredmedia":[{"embeddable":true,"href":"https:\/\/rund-um-den-kaffee.de\/index.php?rest_route=\/wp\/v2\/media\/5998"}],"wp:attachment":[{"href":"https:\/\/rund-um-den-kaffee.de\/index.php?rest_route=%2Fwp%2Fv2%2Fmedia&parent=5997"}],"wp:term":[{"taxonomy":"product_cat","embeddable":true,"href":"https:\/\/rund-um-den-kaffee.de\/index.php?rest_route=%2Fwp%2Fv2%2Fproduct_cat&post=5997"},{"taxonomy":"product_tag","embeddable":true,"href":"https:\/\/rund-um-den-kaffee.de\/index.php?rest_route=%2Fwp%2Fv2%2Fproduct_tag&post=5997"}],"curies":[{"name":"wp","href":"https:\/\/api.w.org\/{rel}","templated":true}]}}