{"id":5490,"date":"2021-04-28T13:41:05","date_gmt":"2021-04-28T13:41:05","guid":{"rendered":"https:\/\/rund-um-den-kaffee.de\/?product=nescafe-dolce-gusto-dallmayr-crema-doro-caffe-latte-16-kaffeekapseln-48-getraenke-cremig-ausgewogen-1er-pack-1-x-16-kapseln"},"modified":"2023-04-09T15:10:53","modified_gmt":"2023-04-09T15:10:53","slug":"nescafe-dolce-gusto-dallmayr-crema-doro-caffe-latte-16-kaffeekapseln-48-getraenke-cremig-ausgewogen-1er-pack-1-x-16-kapseln","status":"publish","type":"product","link":"https:\/\/rund-um-den-kaffee.de\/?product=nescafe-dolce-gusto-dallmayr-crema-doro-caffe-latte-16-kaffeekapseln-48-getraenke-cremig-ausgewogen-1er-pack-1-x-16-kapseln","title":{"rendered":"NESCAF\u00c9 Dolce Gusto Dallmayr Crema d\u00b4Oro Caff\u00e8 Latte &#8211; 48 Getr\u00e4nke, cremig &amp; ausgewogen, 16 Kaffeekapseln"},"content":{"rendered":"\n\t\t<style type=\"text\/css\">\n\t\t\t#gallery-1 {\n\t\t\t\tmargin: auto;\n\t\t\t}\n\t\t\t#gallery-1 .gallery-item {\n\t\t\t\tfloat: left;\n\t\t\t\tmargin-top: 10px;\n\t\t\t\ttext-align: center;\n\t\t\t\twidth: 33%;\n\t\t\t}\n\t\t\t#gallery-1 img {\n\t\t\t\tborder: 2px solid #cfcfcf;\n\t\t\t}\n\t\t\t#gallery-1 .gallery-caption {\n\t\t\t\tmargin-left: 0;\n\t\t\t}\n\t\t\t\/* see gallery_shortcode() in wp-includes\/media.php *\/\n\t\t<\/style>\n\t\t<div id='gallery-1' class='gallery galleryid-5490 gallery-columns-3 gallery-size-thumbnail'><dl class='gallery-item'>\n\t\t\t<dt class='gallery-icon landscape'>\n\t\t\t\t<a href='https:\/\/rund-um-den-kaffee.de\/?attachment_id=5491'><img decoding=\"async\" width=\"150\" height=\"150\" src=\"https:\/\/images-na.ssl-images-amazon.com\/images\/I\/51xwO9Bef2L._SS150_.jpg\" class=\"attachment-thumbnail size-thumbnail\" alt=\"\" srcset=\"https:\/\/images-na.ssl-images-amazon.com\/images\/I\/51xwO9Bef2L._SS150_.jpg 150w, https:\/\/images-na.ssl-images-amazon.com\/images\/I\/51xwO9Bef2L._SS300_.jpg 300w, https:\/\/images-na.ssl-images-amazon.com\/images\/I\/51xwO9Bef2L._SS768_.jpg 768w, https:\/\/images-na.ssl-images-amazon.com\/images\/I\/51xwO9Bef2L._SS1024_.jpg 1024w, https:\/\/images-na.ssl-images-amazon.com\/images\/I\/51xwO9Bef2L._SS1536_.jpg 1536w, https:\/\/images-na.ssl-images-amazon.com\/images\/I\/51xwO9Bef2L._SS2048_.jpg 2048w, https:\/\/images-na.ssl-images-amazon.com\/images\/I\/51xwO9Bef2L._SS280_.jpg 280w, https:\/\/images-na.ssl-images-amazon.com\/images\/I\/51xwO9Bef2L._SS600_.jpg 600w, https:\/\/images-na.ssl-images-amazon.com\/images\/I\/51xwO9Bef2L._SS100_.jpg 100w, https:\/\/images-na.ssl-images-amazon.com\/images\/I\/51xwO9Bef2L.jpg 500w\" sizes=\"(max-width: 150px) 100vw, 150px\" \/><\/a>\n\t\t\t<\/dt><\/dl><dl class='gallery-item'>\n\t\t\t<dt class='gallery-icon landscape'>\n\t\t\t\t<a href='https:\/\/rund-um-den-kaffee.de\/?attachment_id=5492'><img decoding=\"async\" width=\"150\" height=\"150\" src=\"https:\/\/images-na.ssl-images-amazon.com\/images\/I\/41mDal3tZDL._SS150_.jpg\" class=\"attachment-thumbnail size-thumbnail\" alt=\"\" srcset=\"https:\/\/images-na.ssl-images-amazon.com\/images\/I\/41mDal3tZDL._SS150_.jpg 150w, https:\/\/images-na.ssl-images-amazon.com\/images\/I\/41mDal3tZDL._SS300_.jpg 300w, https:\/\/images-na.ssl-images-amazon.com\/images\/I\/41mDal3tZDL._SS768_.jpg 768w, https:\/\/images-na.ssl-images-amazon.com\/images\/I\/41mDal3tZDL._SS1024_.jpg 1024w, https:\/\/images-na.ssl-images-amazon.com\/images\/I\/41mDal3tZDL._SS1536_.jpg 1536w, https:\/\/images-na.ssl-images-amazon.com\/images\/I\/41mDal3tZDL._SS2048_.jpg 2048w, https:\/\/images-na.ssl-images-amazon.com\/images\/I\/41mDal3tZDL._SS280_.jpg 280w, https:\/\/images-na.ssl-images-amazon.com\/images\/I\/41mDal3tZDL._SS600_.jpg 600w, https:\/\/images-na.ssl-images-amazon.com\/images\/I\/41mDal3tZDL._SS100_.jpg 100w, https:\/\/images-na.ssl-images-amazon.com\/images\/I\/41mDal3tZDL.jpg 500w\" sizes=\"(max-width: 150px) 100vw, 150px\" \/><\/a>\n\t\t\t<\/dt><\/dl><dl class='gallery-item'>\n\t\t\t<dt class='gallery-icon landscape'>\n\t\t\t\t<a href='https:\/\/rund-um-den-kaffee.de\/?attachment_id=5493'><img decoding=\"async\" width=\"150\" height=\"150\" src=\"https:\/\/images-na.ssl-images-amazon.com\/images\/I\/410FnmI0cpL._SS150_.jpg\" class=\"attachment-thumbnail size-thumbnail\" alt=\"\" srcset=\"https:\/\/images-na.ssl-images-amazon.com\/images\/I\/410FnmI0cpL._SS150_.jpg 150w, https:\/\/images-na.ssl-images-amazon.com\/images\/I\/410FnmI0cpL._SS300_.jpg 300w, https:\/\/images-na.ssl-images-amazon.com\/images\/I\/410FnmI0cpL._SS768_.jpg 768w, https:\/\/images-na.ssl-images-amazon.com\/images\/I\/410FnmI0cpL._SS1024_.jpg 1024w, https:\/\/images-na.ssl-images-amazon.com\/images\/I\/410FnmI0cpL._SS1536_.jpg 1536w, https:\/\/images-na.ssl-images-amazon.com\/images\/I\/410FnmI0cpL._SS2048_.jpg 2048w, https:\/\/images-na.ssl-images-amazon.com\/images\/I\/410FnmI0cpL._SS280_.jpg 280w, https:\/\/images-na.ssl-images-amazon.com\/images\/I\/410FnmI0cpL._SS600_.jpg 600w, https:\/\/images-na.ssl-images-amazon.com\/images\/I\/410FnmI0cpL._SS100_.jpg 100w, https:\/\/images-na.ssl-images-amazon.com\/images\/I\/410FnmI0cpL.jpg 500w\" sizes=\"(max-width: 150px) 100vw, 150px\" \/><\/a>\n\t\t\t<\/dt><\/dl><br style=\"clear: both\" \/>\n\t\t<\/div>\n\n<!-- show up to 2 reviews by default --> <\/p>\n<h3>Produktbeschreibung<\/h3>\n<\/p>\n<p>NESCAF\u00c9 Dolce Gusto Dallmayr Crema d\u00b4Oro Caff\u00e8 Latte<\/p>\n<p> Milchkaffee Genuss auf Knopfdruck?<br \/> Mit den Dallmayr Crema d\u00b4Oro Caff\u00e8 Latte Kapseln und einer Dolce Gusto Kapsel-Maschinen kein Problem.<br \/> Die Kombination aus Kaffee mit Milch in einer einzelnen Kapsel erm\u00f6glicht Kaffeeliebhabern eine schnelle Zubereitung dieser Milchkaffee-Spezialit\u00e4t. Die aromaversiegelten Kapseln sorgen f\u00fcr gleichbleibende Qualit\u00e4t und sind zudem recyclebar.<\/p>\n<p> Eine Packung enth\u00e4lt 16 KaffeeKapseln Dallmayr Crema d\u00b4Oro Caff\u00e8 Latte mit denen Sie 16 k\u00f6stliche Tassen Caff\u00e8 Latte zubereiten k\u00f6nnen.<\/p>\n<\/p>\n<h3>Inhaltsstoffe \/ Zutaten<\/h3>\n<p>Zutaten: VOLLMILCHPULVER (64,2%), l\u00f6slicher Kaffee (34%), Stabilisator (Kaliumphosphate, Natriumcitrate), Emulgator Lecithine (SOJA). <\/p>\n<div data-a-expander-name=\"toggle_description\" class=\"a-row a-expander-container a-expander-extend-container\">\n<div class=\"a-expander-content a-expander-extend-content\">\n<h3>Gebrauchsanweisung<\/h3>\n<p>Kapsel = 180ml <\/p>\n<h3>Anschrift Hersteller\/Importeur<\/h3>\n<p>60528 Frankfurt\/Main <\/p>\n<\/p><\/div>\n<p> <a href=\"void(0)\" data-action=\"a-expander-toggle\" class=\"a-expander-header a-declarative a-expander-extend-header\" data-a-expander-toggle=\"{\"><i class=\"a-icon a-icon-extender-expand\"><\/i><span class=\"a-expander-prompt\">Mehr<\/span><\/a> <\/div>\n<p>Crema d&#8217;Oro Caff\u00e8 Latte: Vereint kr\u00e4ftiges, intensives Aroma und die nat\u00fcrliche S\u00fc\u00dfe leckerer Vollmilch in einer Kapsel<br \/>\nCremig &amp; ausgewogen: Eine leckere Kombination aus Kaffee mit einem Schluck Milch f\u00fcr 180 ml cremigen Milchkaffee Genuss, ideal zum Fr\u00fchst\u00fcck<br \/>\nDallmayr: Das M\u00fcnchner Delikatessenhaus erfreut Feinschmecker und Genie\u00dfer mit einem hochwertigen Angebot von Kaffee-Spezialit\u00e4ten<br \/>\nKaffeeKapseln: Luftdicht- und aromaversiegelte Kapsel, g\u00fcnstig f\u00fcr eine gleichbleibende Qualit\u00e4t (recyclebar \u00fcber den gelben Sack)<br \/>\nKompatibel mit allen Nescaf\u00e9 Dolce Gusto Kapsel-Maschinen von De&#8217;Longhi und Krups<br \/>\nSchnell: Kapsel in die Kaffeemaschine einlegen und in wenigen Minuten k\u00f6stlichen Crema d&#8217;Oro Caff\u00e8 Latte genie\u00dfen<br \/>\n<div class=\"main-cross-sell\" data-asin=\"B08GKJ8P8L\">\n\n\t<div class=\"WooZone-cross-sell-loader\">\n\t\t<div>\n\t\t\t<div id=\"floatingBarsG\">\n\t\t\t\t<div class=\"blockG\" id=\"rotateG_01\"><\/div>\n\t\t\t\t<div class=\"blockG\" id=\"rotateG_02\"><\/div>\n\t\t\t\t<div class=\"blockG\" id=\"rotateG_03\"><\/div>\n\t\t\t\t<div class=\"blockG\" id=\"rotateG_04\"><\/div>\n\t\t\t\t<div class=\"blockG\" id=\"rotateG_05\"><\/div>\n\t\t\t\t<div class=\"blockG\" id=\"rotateG_06\"><\/div>\n\t\t\t\t<div class=\"blockG\" id=\"rotateG_07\"><\/div>\n\t\t\t\t<div class=\"blockG\" id=\"rotateG_08\"><\/div>\n\t\t\t<\/div>\n\t\t\t<div class=\"WooZone-cross-sell-loader-text\"><\/div>\n\t\t<\/div>\n\t<\/div>\n\n\t\t\n<\/div>\n<div style=\"clear:both;\"><\/div>\n","protected":false},"excerpt":{"rendered":"<p>Crema d&#8217;Oro Caff\u00e8 Latte: Vereint kr\u00e4ftiges, intensives Aroma und die nat\u00fcrliche S\u00fc\u00dfe leckerer Vollmilch in einer Kapsel<br \/>\nCremig &amp; ausgewogen: Eine leckere Kombination aus Kaffee mit einem Schluck Milch f\u00fcr 180 ml cremigen Milchkaffee Genuss, ideal zum Fr\u00fchst\u00fcck<br \/>\nDallmayr: Das M\u00fcnchner Delikatessenhaus erfreut Feinschmecker und Genie\u00dfer mit einem hochwertigen Angebot von Kaffee-Spezialit\u00e4ten<\/p>\n","protected":false},"featured_media":5491,"comment_status":"open","ping_status":"closed","template":"","meta":{"_uag_custom_page_level_css":""},"product_cat":[24,1338],"product_tag":[],"uagb_featured_image_src":{"full":["https:\/\/images-na.ssl-images-amazon.com\/images\/I\/51xwO9Bef2L.jpg",500,500,false],"thumbnail":["https:\/\/images-na.ssl-images-amazon.com\/images\/I\/51xwO9Bef2L._SS150_.jpg",150,150,true],"medium":["https:\/\/images-na.ssl-images-amazon.com\/images\/I\/51xwO9Bef2L._SS300_.jpg",300,300,true],"medium_large":["https:\/\/images-na.ssl-images-amazon.com\/images\/I\/51xwO9Bef2L._SS768_.jpg",768,768,true],"large":["https:\/\/images-na.ssl-images-amazon.com\/images\/I\/51xwO9Bef2L._SS1024_.jpg",1024,1024,true],"1536x1536":["https:\/\/images-na.ssl-images-amazon.com\/images\/I\/51xwO9Bef2L._SS1536_.jpg",1536,1536,true],"2048x2048":["https:\/\/images-na.ssl-images-amazon.com\/images\/I\/51xwO9Bef2L._SS2048_.jpg",2048,2048,true],"post-thumbnail":["https:\/\/images-na.ssl-images-amazon.com\/images\/I\/51xwO9Bef2L._SS280_.jpg",180,180,true],"woocommerce_thumbnail":["https:\/\/images-na.ssl-images-amazon.com\/images\/I\/51xwO9Bef2L._SS300_.jpg",300,300,true],"woocommerce_single":["https:\/\/images-na.ssl-images-amazon.com\/images\/I\/51xwO9Bef2L._SS600_.jpg",600,600,true],"woocommerce_gallery_thumbnail":["https:\/\/images-na.ssl-images-amazon.com\/images\/I\/51xwO9Bef2L._SS100_.jpg",100,100,true],"shop_catalog":["https:\/\/images-na.ssl-images-amazon.com\/images\/I\/51xwO9Bef2L._SS300_.jpg",300,300,true],"shop_single":["https:\/\/images-na.ssl-images-amazon.com\/images\/I\/51xwO9Bef2L._SS600_.jpg",600,600,true],"shop_thumbnail":["https:\/\/images-na.ssl-images-amazon.com\/images\/I\/51xwO9Bef2L._SS100_.jpg",100,100,true]},"uagb_author_info":{"display_name":"Swen-Olaf Bender","author_link":"https:\/\/rund-um-den-kaffee.de\/?author=0"},"uagb_comment_info":0,"uagb_excerpt":"Crema d'Oro Caff\u00e8 Latte: Vereint kr\u00e4ftiges, intensives Aroma und die nat\u00fcrliche S\u00fc\u00dfe leckerer Vollmilch in einer Kapsel Cremig &amp; ausgewogen: Eine leckere Kombination aus Kaffee mit einem Schluck Milch f\u00fcr 180 ml cremigen Milchkaffee Genuss, ideal zum Fr\u00fchst\u00fcck Dallmayr: Das M\u00fcnchner Delikatessenhaus erfreut Feinschmecker und Genie\u00dfer mit einem hochwertigen Angebot von Kaffee-Spezialit\u00e4ten","_links":{"self":[{"href":"https:\/\/rund-um-den-kaffee.de\/index.php?rest_route=\/wp\/v2\/product\/5490"}],"collection":[{"href":"https:\/\/rund-um-den-kaffee.de\/index.php?rest_route=\/wp\/v2\/product"}],"about":[{"href":"https:\/\/rund-um-den-kaffee.de\/index.php?rest_route=\/wp\/v2\/types\/product"}],"replies":[{"embeddable":true,"href":"https:\/\/rund-um-den-kaffee.de\/index.php?rest_route=%2Fwp%2Fv2%2Fcomments&post=5490"}],"wp:featuredmedia":[{"embeddable":true,"href":"https:\/\/rund-um-den-kaffee.de\/index.php?rest_route=\/wp\/v2\/media\/5491"}],"wp:attachment":[{"href":"https:\/\/rund-um-den-kaffee.de\/index.php?rest_route=%2Fwp%2Fv2%2Fmedia&parent=5490"}],"wp:term":[{"taxonomy":"product_cat","embeddable":true,"href":"https:\/\/rund-um-den-kaffee.de\/index.php?rest_route=%2Fwp%2Fv2%2Fproduct_cat&post=5490"},{"taxonomy":"product_tag","embeddable":true,"href":"https:\/\/rund-um-den-kaffee.de\/index.php?rest_route=%2Fwp%2Fv2%2Fproduct_tag&post=5490"}],"curies":[{"name":"wp","href":"https:\/\/api.w.org\/{rel}","templated":true}]}}