{"id":2405,"date":"2020-03-20T20:30:16","date_gmt":"2020-03-20T20:30:16","guid":{"rendered":"https:\/\/superkaffeehaus.de\/?product=beem-fresh-aroma-perfect-ii-filterkaffeemaschine-mit-mahlwerk-glas-basic-selection"},"modified":"2023-04-09T15:03:07","modified_gmt":"2023-04-09T15:03:07","slug":"beem-fresh-aroma-perfect-ii-filterkaffeemaschine-mit-mahlwerk-glas-basic-selection","status":"publish","type":"product","link":"https:\/\/rund-um-den-kaffee.de\/?product=beem-fresh-aroma-perfect-ii-filterkaffeemaschine-mit-mahlwerk-glas-basic-selection","title":{"rendered":"BEEM FRESH-AROMA-PERFECT II Filterkaffeemaschine mit Mahlwerk &#8211; Glas | Edelstahl | 1,25 l Glaskanne | 24-Stunden-Timer\u2026"},"content":{"rendered":"\n<div class=\"disclaim\"> Stil:<strong>Glaskanne und handels\u00fcblicher Filter<\/strong> <\/div>\n<p> <!-- show up to 2 reviews by default --> <\/p>\n<p>Mit der BEEM FRESH-AROMA-PERFECT II wird Kaffee kochen zur echten Br\u00fchkunst. Auf Knopfdruck mahlt und br\u00fcht sie den Kaffee in der gew\u00fcnschten St\u00e4rke. Genie\u00dfen Sie besonders aromatischen Kaffee aus ganzen Bohnen! Das integrierte Pr\u00e4zisions-Kegelmahlwerk mahlt den Kaffee immer ganz frisch und erm\u00f6glicht individuelle Mahlgradeinstellungen &#8211; denn auch der richtige Mahlgrad ist entscheidend f\u00fcr den Geschmack. Dank des integrierten 24-Stunden-Timers startet die BEEM FRESH-AROMA-PERFECT II zum gew\u00fcnschten Zeitpunkt mit der Zubereitung und lockt Sie morgens mit dem Duft von frisch gebr\u00fchtem Kaffee aus dem Bett. Bis zu 10 Tassen Kaffee k\u00f6nnen mit einem Br\u00fchvorgang zubereitet und dank der integrierten Warmhalteplatte in Ruhe genossen werden. Frischer und aromatischer kann Kaffee kaum zubereitet werden! F\u00fcr ganze Bohnen und gemahlenem Kaffee. Kaffeebohnenfach mit Frischeschutzdeckel f\u00fcr bis zu 180 g Bohnen. Optionales Zubeh\u00f6r: BEEM Premium Entkalker Konzentrat, Filtert\u00fcten in Gr\u00f6\u00dfe 4. <\/p>\n<p>MAHLEN &amp; BR\u00dcHEN: Kaffeemaschine mit integriertem Pr\u00e4zisions-Kegelmahlwerk mit 3-stufiger Mahlgradeinstellung (grob, mittel, fein). Zubereitung auch mit Kaffeepulver m\u00f6glich. Passender Filter: Permanentfilter oder handels\u00fcbliche Filtert\u00fcten Gr\u00f6\u00dfe 4.<br \/>\nAUSREICHEND F\u00dcR ALLE: Mit der 1,25 l Glaskanne k\u00f6nnen bis zu 10 Tassen Kaffee zubereitet werden, der Bohnenbeh\u00e4lter mit Frischeschutzdeckel reicht sogar f\u00fcr 180 g frische Kaffeebohnen, sodass direkt mehrere Kannen hintereinander gebr\u00fcht werden k\u00f6nnen.<br \/>\nVOLLES AROMA: Auch bei kleinen Mengen durch automatische Br\u00fchzeitverl\u00e4ngerung beim zubereiten von 2-4 Tassen Filterkaffee<br \/>\nSMARTE DETAILS: Kaffeegenuss ohne Wartezeit, vor allem wenn es morgens schnell gehen muss. Mit dem 24-Stunden-Timer startet die Maschine automatisch zur gew\u00fcnschten Zeit.<br \/>\nKALTER KAFFEE AD\u00c9: Die Br\u00fchtemperatur des Kaffees liegt bei 90 &#8211; 96 \u00b0C. Dank der integrierten Warmhalteplatte kann der Kaffee nach Beendigung des Br\u00fchvorgangs ausreichend lange warm gehalten werden.<br \/>\n<div class=\"main-cross-sell\" data-asin=\"B07J5NCZ37\">\n\n\t<div class=\"WooZone-cross-sell-loader\">\n\t\t<div>\n\t\t\t<div id=\"floatingBarsG\">\n\t\t\t\t<div class=\"blockG\" id=\"rotateG_01\"><\/div>\n\t\t\t\t<div class=\"blockG\" id=\"rotateG_02\"><\/div>\n\t\t\t\t<div class=\"blockG\" id=\"rotateG_03\"><\/div>\n\t\t\t\t<div class=\"blockG\" id=\"rotateG_04\"><\/div>\n\t\t\t\t<div class=\"blockG\" id=\"rotateG_05\"><\/div>\n\t\t\t\t<div class=\"blockG\" id=\"rotateG_06\"><\/div>\n\t\t\t\t<div class=\"blockG\" id=\"rotateG_07\"><\/div>\n\t\t\t\t<div class=\"blockG\" id=\"rotateG_08\"><\/div>\n\t\t\t<\/div>\n\t\t\t<div class=\"WooZone-cross-sell-loader-text\"><\/div>\n\t\t<\/div>\n\t<\/div>\n\n\t\t\n<\/div>\n<div style=\"clear:both;\"><\/div>\n","protected":false},"excerpt":{"rendered":"<p>MAHLEN &amp; BR\u00dcHEN: Kaffeemaschine mit integriertem Pr\u00e4zisions-Kegelmahlwerk mit 3-stufiger Mahlgradeinstellung (grob, mittel, fein). Zubereitung auch mit Kaffeepulver m\u00f6glich. Passender Filter: Permanentfilter oder handels\u00fcbliche Filtert\u00fcten Gr\u00f6\u00dfe 4.<br \/>\nAUSREICHEND F\u00dcR ALLE: Mit der 1,25 l Glaskanne k\u00f6nnen bis zu 10 Tassen Kaffee zubereitet werden, der Bohnenbeh\u00e4lter mit Frischeschutzdeckel reicht sogar f\u00fcr 180 g frische Kaffeebohnen, sodass direkt mehrere Kannen hintereinander gebr\u00fcht werden k\u00f6nnen.<br \/>\nVOLLES AROMA: Auch bei kleinen Mengen durch automatische Br\u00fchzeitverl\u00e4ngerung beim zubereiten von 2-4 Tassen Filterkaffee<\/p>\n","protected":false},"featured_media":2406,"comment_status":"open","ping_status":"closed","template":"","meta":{"_uag_custom_page_level_css":""},"product_cat":[157],"product_tag":[],"uagb_featured_image_src":{"full":["https:\/\/rund-um-den-kaffee.de\/wp-content\/uploads\/2020\/03\/41mrIkXop2BL.jpg",500,500,false],"thumbnail":["https:\/\/rund-um-den-kaffee.de\/wp-content\/uploads\/2020\/03\/41mrIkXop2BL-150x150.jpg",150,150,true],"medium":["https:\/\/rund-um-den-kaffee.de\/wp-content\/uploads\/2020\/03\/41mrIkXop2BL-300x300.jpg",300,300,true],"medium_large":["https:\/\/rund-um-den-kaffee.de\/wp-content\/uploads\/2020\/03\/41mrIkXop2BL.jpg",500,500,false],"large":["https:\/\/rund-um-den-kaffee.de\/wp-content\/uploads\/2020\/03\/41mrIkXop2BL.jpg",500,500,false],"1536x1536":["https:\/\/rund-um-den-kaffee.de\/wp-content\/uploads\/2020\/03\/41mrIkXop2BL.jpg",500,500,false],"2048x2048":["https:\/\/rund-um-den-kaffee.de\/wp-content\/uploads\/2020\/03\/41mrIkXop2BL.jpg",500,500,false],"post-thumbnail":["https:\/\/rund-um-den-kaffee.de\/wp-content\/uploads\/2020\/03\/41mrIkXop2BL-280x180.jpg",280,180,true],"woocommerce_thumbnail":["https:\/\/rund-um-den-kaffee.de\/wp-content\/uploads\/2020\/03\/41mrIkXop2BL-300x300.jpg",300,300,true],"woocommerce_single":["https:\/\/rund-um-den-kaffee.de\/wp-content\/uploads\/2020\/03\/41mrIkXop2BL.jpg",500,500,false],"woocommerce_gallery_thumbnail":["https:\/\/rund-um-den-kaffee.de\/wp-content\/uploads\/2020\/03\/41mrIkXop2BL-100x100.jpg",100,100,true],"shop_catalog":["https:\/\/rund-um-den-kaffee.de\/wp-content\/uploads\/2020\/03\/41mrIkXop2BL-300x300.jpg",300,300,true],"shop_single":["https:\/\/rund-um-den-kaffee.de\/wp-content\/uploads\/2020\/03\/41mrIkXop2BL.jpg",500,500,false],"shop_thumbnail":["https:\/\/rund-um-den-kaffee.de\/wp-content\/uploads\/2020\/03\/41mrIkXop2BL-100x100.jpg",100,100,true]},"uagb_author_info":{"display_name":"Swen-Olaf Bender","author_link":"https:\/\/rund-um-den-kaffee.de\/?author=0"},"uagb_comment_info":0,"uagb_excerpt":"MAHLEN &amp; BR\u00dcHEN: Kaffeemaschine mit integriertem Pr\u00e4zisions-Kegelmahlwerk mit 3-stufiger Mahlgradeinstellung (grob, mittel, fein). Zubereitung auch mit Kaffeepulver m\u00f6glich. Passender Filter: Permanentfilter oder handels\u00fcbliche Filtert\u00fcten Gr\u00f6\u00dfe 4. AUSREICHEND F\u00dcR ALLE: Mit der 1,25 l Glaskanne k\u00f6nnen bis zu 10 Tassen Kaffee zubereitet werden, der Bohnenbeh\u00e4lter mit Frischeschutzdeckel reicht sogar f\u00fcr 180 g frische Kaffeebohnen, sodass direkt&hellip;","_links":{"self":[{"href":"https:\/\/rund-um-den-kaffee.de\/index.php?rest_route=\/wp\/v2\/product\/2405"}],"collection":[{"href":"https:\/\/rund-um-den-kaffee.de\/index.php?rest_route=\/wp\/v2\/product"}],"about":[{"href":"https:\/\/rund-um-den-kaffee.de\/index.php?rest_route=\/wp\/v2\/types\/product"}],"replies":[{"embeddable":true,"href":"https:\/\/rund-um-den-kaffee.de\/index.php?rest_route=%2Fwp%2Fv2%2Fcomments&post=2405"}],"wp:featuredmedia":[{"embeddable":true,"href":"https:\/\/rund-um-den-kaffee.de\/index.php?rest_route=\/wp\/v2\/media\/2406"}],"wp:attachment":[{"href":"https:\/\/rund-um-den-kaffee.de\/index.php?rest_route=%2Fwp%2Fv2%2Fmedia&parent=2405"}],"wp:term":[{"taxonomy":"product_cat","embeddable":true,"href":"https:\/\/rund-um-den-kaffee.de\/index.php?rest_route=%2Fwp%2Fv2%2Fproduct_cat&post=2405"},{"taxonomy":"product_tag","embeddable":true,"href":"https:\/\/rund-um-den-kaffee.de\/index.php?rest_route=%2Fwp%2Fv2%2Fproduct_tag&post=2405"}],"curies":[{"name":"wp","href":"https:\/\/api.w.org\/{rel}","templated":true}]}}